{"id":7219,"date":"2026-03-16T16:49:16","date_gmt":"2026-03-16T15:49:16","guid":{"rendered":"https:\/\/valvert.geek-tonic.dev\/camping-piscine-chauffee-la-chatre\/"},"modified":"2026-03-30T13:57:05","modified_gmt":"2026-03-30T11:57:05","slug":"la-chatre","status":"publish","type":"page","link":"https:\/\/valvert.geek-tonic.dev\/de\/la-chatre\/","title":{"rendered":"Das Schwimmbad"},"content":{"rendered":"\n<div class=\"wp-block-group section-6 has-custom-color-3-background-color has-background has-global-padding is-layout-constrained wp-container-core-group-is-layout-20238047 wp-block-group-is-layout-constrained\" style=\"margin-top:0px;margin-bottom:0px;padding-top:8rem;padding-right:15rem;padding-bottom:8rem;padding-left:15rem\">\n<h1 class=\"wp-block-heading has-text-align-center has-custom-color-1-color has-text-color has-link-color wp-elements-1c5dc321ccf8be5d6c73eebeda660764\" style=\"margin-bottom:3rem\">Campingplatz mit beheiztem Schwimmbad in der Indre<\/h1>\n\n\n\n<div class=\"wp-block-group gt-reverse-mobile is-nowrap is-layout-flex wp-container-core-group-is-layout-90b6bdf5 wp-block-group-is-layout-flex\">\n<div class=\"wp-block-group has-global-padding is-layout-constrained wp-container-core-group-is-layout-7c250ea7 wp-block-group-is-layout-constrained\" style=\"margin-top:0px;margin-bottom:0px;padding-top:0;padding-right:0px;padding-bottom:0;padding-left:0px\">\n<figure class=\"wp-block-image size-large icon-pagination-active\"><img loading=\"lazy\" decoding=\"async\" width=\"21\" height=\"18\" src=\"https:\/\/valvert.geek-tonic.dev\/wp-content\/uploads\/2025\/12\/icon-fleur-jaune-pagination.svg\" alt=\"icon gelbe Blume pagination\" class=\"wp-image-135\"\/><\/figure>\n\n\n\n<div class=\"wp-block-group arrow-slider-prev has-border-color has-global-padding is-layout-constrained wp-container-core-group-is-layout-97a11e02 wp-block-group-is-layout-constrained\" style=\"border-color:#ffffff;border-width:1px;border-top-left-radius:100px;border-bottom-left-radius:100px;margin-top:0px;margin-bottom:0px;padding-top:20px;padding-right:10px;padding-bottom:20px;padding-left:10px\">\n<figure class=\"wp-block-image size-large\"><img loading=\"lazy\" decoding=\"async\" width=\"41\" height=\"10\" src=\"https:\/\/valvert.geek-tonic.dev\/wp-content\/uploads\/2025\/12\/arrow-slider-prev-blanc.svg\" alt=\"arrow slider prev wei&#xDF;\" class=\"wp-image-117\"\/><\/figure>\n<\/div>\n\n\n\n<div class=\"wp-block-group arrow-slider-next has-border-color has-global-padding is-layout-constrained wp-container-core-group-is-layout-97a11e02 wp-block-group-is-layout-constrained\" style=\"border-color:#ffffff;border-width:1px;border-top-right-radius:100px;border-bottom-right-radius:100px;margin-top:0px;margin-bottom:0px;padding-top:20px;padding-right:10px;padding-bottom:20px;padding-left:10px\">\n<figure class=\"wp-block-image size-large\"><img loading=\"lazy\" decoding=\"async\" width=\"41\" height=\"10\" src=\"https:\/\/valvert.geek-tonic.dev\/wp-content\/uploads\/2025\/12\/arrow-slider-next-blanc.svg\" alt=\"arrow slider next wei&#xDF;\" class=\"wp-image-119\"\/><\/figure>\n<\/div>\n\n\n\n<div data-swiper=\"{&quot;speed&quot;:400,&quot;spaceBetween&quot;:0,&quot;slidesPerView&quot;:1,&quot;createElements&quot;:true,&quot;loop&quot;:true,&quot;freemode&quot;:true,&quot;navigation&quot;:{&quot;nextEl&quot;:&quot;.section-6 .arrow-slider-next&quot;,&quot;prevEl&quot;:&quot;.section-6 .arrow-slider-prev&quot;},&quot;pagination&quot;:{&quot;el&quot;:&quot;.swiper-pagination&quot;,&quot;dynamicBullets&quot;:true},&quot;breakpoints&quot;:[{&quot;slidesPerView&quot;:1}],&quot;autoplay&quot;:true}\" class=\"wp-block-group gt-is-slider gt-is-slider-desktop has-global-padding is-layout-constrained wp-container-core-group-is-layout-162f2a30 wp-block-group-is-layout-constrained\" style=\"margin-top:0px;margin-bottom:0px\">\n<div class=\"wp-block-group has-global-padding is-layout-constrained wp-container-core-group-is-layout-d6554d75 wp-block-group-is-layout-constrained\" style=\"margin-top:0px;margin-bottom:0px\">\n<div class=\"wp-block-cover is-light\" style=\"border-top-left-radius:10px;border-top-right-radius:10px;border-bottom-left-radius:10px;border-bottom-right-radius:10px\"><img loading=\"lazy\" decoding=\"async\" width=\"831\" height=\"569\" class=\"wp-block-cover__image-background wp-image-6905 size-full\" alt=\"camping avec piscine et pataugeoire dans l'indre\" src=\"https:\/\/valvert.geek-tonic.dev\/wp-content\/uploads\/2026\/03\/camping-avec-piscine-et-pataugeoire-dans-lindre.jpg\" data-object-fit=\"cover\" srcset=\"https:\/\/valvert.geek-tonic.dev\/wp-content\/uploads\/2026\/03\/camping-avec-piscine-et-pataugeoire-dans-lindre.jpg 831w, https:\/\/valvert.geek-tonic.dev\/wp-content\/uploads\/2026\/03\/camping-avec-piscine-et-pataugeoire-dans-lindre-300x205.jpg 300w, https:\/\/valvert.geek-tonic.dev\/wp-content\/uploads\/2026\/03\/camping-avec-piscine-et-pataugeoire-dans-lindre-768x526.jpg 768w\" sizes=\"auto, (max-width: 831px) 100vw, 831px\" \/><span aria-hidden=\"true\" class=\"wp-block-cover__background has-background-dim-0 has-background-dim\"><\/span><div class=\"wp-block-cover__inner-container has-global-padding is-layout-constrained wp-block-cover-is-layout-constrained\">\n<p class=\"has-text-align-center has-large-font-size\"><\/p>\n<\/div><\/div>\n<\/div>\n\n\n\n<div class=\"wp-block-group has-global-padding is-layout-constrained wp-container-core-group-is-layout-d6554d75 wp-block-group-is-layout-constrained\" style=\"margin-top:0px;margin-bottom:0px\">\n<div class=\"wp-block-cover is-light\" style=\"border-top-left-radius:10px;border-top-right-radius:10px;border-bottom-left-radius:10px;border-bottom-right-radius:10px\"><img loading=\"lazy\" decoding=\"async\" width=\"831\" height=\"569\" class=\"wp-block-cover__image-background wp-image-6906 size-full\" alt=\"camping avec piscine exterieur dans l'indre\" src=\"https:\/\/valvert.geek-tonic.dev\/wp-content\/uploads\/2026\/03\/camping-avec-piscine-exterieur-dans-lindre-2.jpg\" data-object-fit=\"cover\" srcset=\"https:\/\/valvert.geek-tonic.dev\/wp-content\/uploads\/2026\/03\/camping-avec-piscine-exterieur-dans-lindre-2.jpg 831w, https:\/\/valvert.geek-tonic.dev\/wp-content\/uploads\/2026\/03\/camping-avec-piscine-exterieur-dans-lindre-2-300x205.jpg 300w, https:\/\/valvert.geek-tonic.dev\/wp-content\/uploads\/2026\/03\/camping-avec-piscine-exterieur-dans-lindre-2-768x526.jpg 768w\" sizes=\"auto, (max-width: 831px) 100vw, 831px\" \/><span aria-hidden=\"true\" class=\"wp-block-cover__background has-background-dim-0 has-background-dim\"><\/span><div class=\"wp-block-cover__inner-container has-global-padding is-layout-constrained wp-block-cover-is-layout-constrained\">\n<p class=\"has-text-align-center has-large-font-size\"><\/p>\n<\/div><\/div>\n<\/div>\n\n\n\n<div class=\"wp-block-group has-global-padding is-layout-constrained wp-container-core-group-is-layout-d6554d75 wp-block-group-is-layout-constrained\" style=\"margin-top:0px;margin-bottom:0px\">\n<div class=\"wp-block-cover is-light\" style=\"border-top-left-radius:10px;border-top-right-radius:10px;border-bottom-left-radius:10px;border-bottom-right-radius:10px\"><img loading=\"lazy\" decoding=\"async\" width=\"1920\" height=\"1080\" class=\"wp-block-cover__image-background wp-image-6816 size-full\" alt=\"camping avec piscine exterieur indre\" src=\"https:\/\/valvert.geek-tonic.dev\/wp-content\/uploads\/2026\/03\/camping-avec-piscine-exterieur-indre.jpg\" data-object-fit=\"cover\" srcset=\"https:\/\/valvert.geek-tonic.dev\/wp-content\/uploads\/2026\/03\/camping-avec-piscine-exterieur-indre.jpg 1920w, https:\/\/valvert.geek-tonic.dev\/wp-content\/uploads\/2026\/03\/camping-avec-piscine-exterieur-indre-300x169.jpg 300w, https:\/\/valvert.geek-tonic.dev\/wp-content\/uploads\/2026\/03\/camping-avec-piscine-exterieur-indre-1024x576.jpg 1024w, https:\/\/valvert.geek-tonic.dev\/wp-content\/uploads\/2026\/03\/camping-avec-piscine-exterieur-indre-768x432.jpg 768w, https:\/\/valvert.geek-tonic.dev\/wp-content\/uploads\/2026\/03\/camping-avec-piscine-exterieur-indre-1536x864.jpg 1536w\" sizes=\"auto, (max-width: 1920px) 100vw, 1920px\" \/><span aria-hidden=\"true\" class=\"wp-block-cover__background has-background-dim-0 has-background-dim\"><\/span><div class=\"wp-block-cover__inner-container has-global-padding is-layout-constrained wp-block-cover-is-layout-constrained\">\n<p class=\"has-text-align-center has-large-font-size\"><\/p>\n<\/div><\/div>\n<\/div>\n<\/div>\n<\/div>\n\n\n\n<div class=\"wp-block-group gt-reverse-mobile is-vertical is-layout-flex wp-container-core-group-is-layout-7857e36c wp-block-group-is-layout-flex\" style=\"padding-right:0px;padding-left:0px\">\n<div class=\"wp-block-group texte-deco has-global-padding is-content-justification-left is-layout-constrained wp-container-core-group-is-layout-d6fb7615 wp-block-group-is-layout-constrained\" style=\"margin-top:0px;margin-bottom:0px;padding-right:0px;padding-left:0px\">\n<p class=\"has-custom-color-1-color has-text-color has-link-color has-unbounded-font-family wp-elements-a8d7e00cd2efeb88b4b857a906e5108b\" style=\"font-size:clamp(1.976rem, 1.976rem + ((1vw - 0.2rem) * 2.54), 3.5rem);font-style:normal;font-weight:700;line-height:1\">Ihr Moment der Entspannung<\/p>\n\n\n\n<p class=\"has-text-align-left has-custom-color-1-color has-text-color has-link-color has-caveat-font-family wp-elements-5cf76e863a7b07e08164f128f4aea124\" style=\"margin-top:0px;margin-bottom:0px;font-size:clamp(2.758rem, 2.758rem + ((1vw - 0.2rem) * 4.253), 5.31rem);font-style:normal;font-weight:500;line-height:0.7\">erfrischend<\/p>\n<\/div>\n\n\n\n<div class=\"wp-block-group content has-base-2-background-color has-background has-global-padding is-layout-constrained wp-container-core-group-is-layout-69f271cb wp-block-group-is-layout-constrained\" style=\"border-top-left-radius:10px;border-top-right-radius:10px;border-bottom-left-radius:10px;border-bottom-right-radius:10px;margin-top:0px;margin-bottom:0px;padding-top:40px;padding-right:40px;padding-bottom:40px;padding-left:40px\">\n<h2 class=\"wp-block-heading\">Erfrischung in unserem Schwimmbad<\/h2>\n\n\n\n<p class=\"has-custom-color-1-color has-text-color\">Das beheizte Schwimmbad auf dem <a href=\"https:\/\/valvert.geek-tonic.dev\/de\/\" data-type=\"page\" data-id=\"5\">Campingplatz Val Vert en Berry, in der N\u00e4he von Ch\u00e2teauroux<\/a>, bietet Ihnen das perfekte Gleichgewicht zwischen Frische und W\u00e4rme. Sie k\u00f6nnen in unserem <strong>12 x 5 Meter gro\u00dfen Becken<\/strong> planschen oder Ihre Bahnen ziehen. Der Pool ist an sch\u00f6nen Tagen zug\u00e4nglich und hat eine angenehme Temperatur, so dass Sie sich zu jeder Tageszeit entspannen k\u00f6nnen. Danach k\u00f6nnen Sie sich unter dem Himmel von Berrichon oder unter der Pergola entspannen.   <\/p>\n<\/div>\n<\/div>\n<\/div>\n<\/div>\n\n<div class=\"wp-block-group section-4 has-global-padding is-layout-constrained wp-container-core-group-is-layout-07b29094 wp-block-group-is-layout-constrained\" style=\"margin-top:0px;margin-bottom:0px;padding-right:0px;padding-left:0px\">\n<div class=\"wp-block-group banner has-global-padding is-layout-constrained wp-container-core-group-is-layout-07b29094 wp-block-group-is-layout-constrained\" style=\"margin-top:0px;margin-bottom:0px;padding-right:0px;padding-left:0px\">\n<div class=\"wp-block-cover has-custom-content-position is-position-bottom-center\" style=\"margin-top:0px;margin-bottom:0px;padding-top:0px;padding-right:0px;padding-bottom:0px;padding-left:0px;min-height:90vh;aspect-ratio:unset;\"><img loading=\"lazy\" decoding=\"async\" width=\"1920\" height=\"900\" class=\"wp-block-cover__image-background wp-image-6908 size-full\" alt=\"valvert camping avec piscine dans l'indre\" src=\"https:\/\/valvert.geek-tonic.dev\/wp-content\/uploads\/2026\/03\/valvert-camping-avec-piscine-dans-lindre.jpg\" data-object-fit=\"cover\" srcset=\"https:\/\/valvert.geek-tonic.dev\/wp-content\/uploads\/2026\/03\/valvert-camping-avec-piscine-dans-lindre.jpg 1920w, https:\/\/valvert.geek-tonic.dev\/wp-content\/uploads\/2026\/03\/valvert-camping-avec-piscine-dans-lindre-300x141.jpg 300w, https:\/\/valvert.geek-tonic.dev\/wp-content\/uploads\/2026\/03\/valvert-camping-avec-piscine-dans-lindre-1024x480.jpg 1024w, https:\/\/valvert.geek-tonic.dev\/wp-content\/uploads\/2026\/03\/valvert-camping-avec-piscine-dans-lindre-768x360.jpg 768w, https:\/\/valvert.geek-tonic.dev\/wp-content\/uploads\/2026\/03\/valvert-camping-avec-piscine-dans-lindre-1536x720.jpg 1536w\" sizes=\"auto, (max-width: 1920px) 100vw, 1920px\" \/><span aria-hidden=\"true\" class=\"wp-block-cover__background has-background-dim wp-block-cover__gradient-background has-background-gradient\" style=\"background:linear-gradient(0deg,rgb(6,54,122) 0%,rgba(255,255,255,0) 30%)\"><\/span><div class=\"wp-block-cover__inner-container has-global-padding is-layout-constrained wp-container-core-cover-is-layout-8b154107 wp-block-cover-is-layout-constrained\">\n<p class=\"has-text-align-center has-large-font-size\"><\/p>\n<\/div><\/div>\n<\/div>\n\n\n\n<div class=\"wp-block-group content has-custom-color-1-background-color has-background has-global-padding is-layout-constrained wp-container-core-group-is-layout-81ce77fe wp-block-group-is-layout-constrained\" style=\"margin-top:0px;margin-bottom:0px;padding-top:5rem;padding-right:15rem;padding-bottom:6rem;padding-left:15rem\">\n<h2 class=\"wp-block-heading has-custom-color-2-color has-text-color has-link-color wp-elements-6e0d7b80579518e0f181c8242ddd87b1\">Das Planschbecken f\u00fcr Ihre Kleinsten<\/h2>\n\n\n\n<p class=\"has-base-2-color has-text-color has-link-color wp-elements-262b128b68caca929617ceefd95a4be8\">Auch die Kleinsten k\u00f6nnen auf unserem Campingplatz mit Schwimmbad in der N\u00e4he von Ch\u00e2teauroux schwimmen: Unser <strong>Planschbecken<\/strong> neben dem Schwimmbad ist f\u00fcr sie und ihre Eltern reserviert. Mit einer Gr\u00f6\u00dfe von 4 x 3 Metern und einer Tiefe von 20 cm bietet es einen <strong>sicheren und gesch\u00fctzten Bereich<\/strong>. Ihre Kinder k\u00f6nnen sich hier in aller Ruhe vergn\u00fcgen, w\u00e4hrend Sie sie bequem von den nahegelegenen Sonnenliegen aus beobachten k\u00f6nnen. Die H\u00fcpfburg, auf der sie sich stundenlang vergn\u00fcgen k\u00f6nnen, ist nicht weit entfernt&#8230;   <\/p>\n<\/div>\n<\/div>\n\n<div class=\"wp-block-group section-simple has-global-padding is-layout-constrained wp-container-core-group-is-layout-e8882e7b wp-block-group-is-layout-constrained\" style=\"margin-top:0px;margin-bottom:0px;padding-top:8rem;padding-right:15rem;padding-bottom:8rem;padding-left:15rem\">\n<div class=\"wp-block-columns are-vertically-aligned-top gt-reverse-mobile is-layout-flex wp-container-core-columns-is-layout-28f84493 wp-block-columns-is-layout-flex\">\n<div class=\"wp-block-column is-vertically-aligned-top is-layout-flow wp-block-column-is-layout-flow\">\n<div class=\"wp-block-group has-custom-color-3-background-color has-background has-global-padding is-layout-constrained wp-container-core-group-is-layout-178dc5e1 wp-block-group-is-layout-constrained\" style=\"border-top-left-radius:10px;border-top-right-radius:10px;border-bottom-left-radius:10px;border-bottom-right-radius:10px;padding-top:40px;padding-right:40px;padding-bottom:40px;padding-left:40px\">\n<h2 class=\"wp-block-heading has-custom-color-1-color has-text-color has-link-color wp-elements-c262fdddd8eed85fbcb89f7c11e81f40\">Entspannungsbereich unter der Sonne von Berry<\/h2>\n\n\n\n<p class=\"has-custom-color-1-color has-text-color\">Unser Campingplatz mit beheiztem Schwimmbad im Departement Indre liegt mitten im Gr\u00fcnen und garantiert Ihnen erholsame Momente abseits der Touristenstr\u00f6me. Sie haben jedoch die <strong>Wahl zwischen vielen anderen Badeorten in der Region<\/strong>. Die Stadt La Ch\u00e2tre verf\u00fcgt \u00fcber ein st\u00e4dtisches Schwimmbad mit Hallen- und Freib\u00e4dern, Wasserrutschen und Gr\u00fcnfl\u00e4chen&#8230;..    <\/p>\n\n\n\n<p class=\"has-custom-color-1-color has-text-color\">Sie k\u00f6nnen sich auch an einem der vielen Seen in der Region erfrischen, z.B. in Pouligny Notre-Dame, am Lac d&#8217;Eguzon oder an einem der vielen Teiche im Parc r\u00e9gional de la Brenne. Es gibt viele M\u00f6glichkeiten, Ihren Aufenthalt in Berry mit Wasserspa\u00df zu bereichern. <\/p>\n<\/div>\n<\/div>\n\n\n\n<div class=\"wp-block-column is-vertically-aligned-top is-layout-flow wp-block-column-is-layout-flow\">\n<figure class=\"wp-block-image size-full has-custom-border\"><img loading=\"lazy\" decoding=\"async\" width=\"831\" height=\"569\" src=\"https:\/\/valvert.geek-tonic.dev\/wp-content\/uploads\/2026\/03\/camping-avec-piscine-dans-lindre-et-espace-detente.jpg\" alt=\"Campingplatz mit Schwimmbad im Departement Indre und Entspannungsbereich\" class=\"wp-image-6902\" style=\"border-top-left-radius:10px;border-top-right-radius:10px;border-bottom-left-radius:10px;border-bottom-right-radius:10px;aspect-ratio:16\/9;object-fit:cover\" srcset=\"https:\/\/valvert.geek-tonic.dev\/wp-content\/uploads\/2026\/03\/camping-avec-piscine-dans-lindre-et-espace-detente.jpg 831w, https:\/\/valvert.geek-tonic.dev\/wp-content\/uploads\/2026\/03\/camping-avec-piscine-dans-lindre-et-espace-detente-300x205.jpg 300w, https:\/\/valvert.geek-tonic.dev\/wp-content\/uploads\/2026\/03\/camping-avec-piscine-dans-lindre-et-espace-detente-768x526.jpg 768w\" sizes=\"auto, (max-width: 831px) 100vw, 831px\" \/><\/figure>\n<\/div>\n<\/div>\n<\/div>\n\n<div class=\"wp-block-group section-maillage has-custom-color-3-background-color has-background has-global-padding is-layout-constrained wp-container-core-group-is-layout-20238047 wp-block-group-is-layout-constrained\" style=\"margin-top:0px;margin-bottom:0px;padding-top:8rem;padding-right:15rem;padding-bottom:8rem;padding-left:15rem\">\n<div class=\"wp-block-group texte-deco is-layout-flow wp-block-group-is-layout-flow\">\n<p class=\"has-text-align-center has-custom-color-1-color has-text-color has-link-color has-unbounded-font-family wp-elements-e951b85560492fb3e3e45aa849a86fe2\" style=\"font-size:clamp(1.976rem, 1.976rem + ((1vw - 0.2rem) * 2.54), 3.5rem);font-style:normal;font-weight:700;line-height:1\">Entdecken Sie<\/p>\n\n\n\n<p class=\"has-text-align-center has-custom-color-1-color has-text-color has-link-color has-caveat-font-family wp-elements-5b826466e9b8359aa3878203361833b2\" style=\"margin-top:0px;margin-bottom:0px;font-size:clamp(2.758rem, 2.758rem + ((1vw - 0.2rem) * 4.253), 5.31rem);font-style:normal;font-weight:500;line-height:0.7\">das Restaurant, die Dienstleistungen und die Vermietung<\/p>\n<\/div>\n\n\n\n<div data-wp-context=\"{}\" data-wp-interactive=\"core\/query\" data-wp-key=\"0\" data-wp-router-region=\"query-0\" class=\"wp-block-query alignwide gt-fse-maillage-query is-layout-flow wp-block-query-is-layout-flow\"><ul class=\"columns-3 wp-block-post-template is-layout-grid wp-container-core-post-template-is-layout-6d3fbd8f wp-block-post-template-is-layout-grid\"><li data-wp-key=\"post-template-item-7420\" class=\"wp-block-post post-7420 page type-page status-publish has-post-thumbnail hentry\">\n<a href=\"https:\/\/valvert.geek-tonic.dev\/de\/restaurant-imbiss-la-chatre\/\"    class=\"wp-block-tiptip-hyperlink-group-block\" >\n<figure class=\"wp-block-image size-full is-resized\"><img loading=\"lazy\" decoding=\"async\" width=\"367\" height=\"318\" src=\"https:\/\/valvert.geek-tonic.dev\/wp-content\/uploads\/2025\/12\/grosse-fleur-jaune.svg\" alt=\"gro&#xDF;e gelbe Blume\" class=\"wp-image-143\" style=\"object-fit:contain;width:50px;height:50px\"\/><\/figure>\n\n<figure class=\"wp-block-image has-custom-border gt-maillage__image\"><img decoding=\"async\" src=\"https:\/\/valvert.geek-tonic.dev\/wp-content\/uploads\/2026\/03\/camping-familial-avec-restairant-dans-le-berry.jpg\" alt=\"Automatischer Entwurf\" style=\"border-style:none;border-width:0px;border-top-left-radius:10px;border-top-right-radius:10px;border-bottom-left-radius:10px;border-bottom-right-radius:10px\"\/><\/figure>\n\n<p class=\"has-text-align-center has-custom-color-1-color has-text-color has-link-color has-unbounded-font-family wp-elements-6527d65a79d544105f2c7aa114e49b0c\" style=\"font-size:clamp(1.25rem, 1.25rem + ((1vw - 0.2rem) * 1.25), 2rem);line-height:1.1\">Das Restaurant<\/p>\n<\/a>\n<\/li><li data-wp-key=\"post-template-item-7426\" class=\"wp-block-post post-7426 page type-page status-publish has-post-thumbnail hentry\">\n<a href=\"https:\/\/valvert.geek-tonic.dev\/de\/mobilheimvermietungen-la-chatre\/\"    class=\"wp-block-tiptip-hyperlink-group-block\" >\n<figure class=\"wp-block-image size-full is-resized\"><img loading=\"lazy\" decoding=\"async\" width=\"367\" height=\"318\" src=\"https:\/\/valvert.geek-tonic.dev\/wp-content\/uploads\/2025\/12\/grosse-fleur-jaune.svg\" alt=\"gro&#xDF;e gelbe Blume\" class=\"wp-image-143\" style=\"object-fit:contain;width:50px;height:50px\"\/><\/figure>\n\n<figure class=\"wp-block-image has-custom-border gt-maillage__image\"><img decoding=\"async\" src=\"https:\/\/valvert.geek-tonic.dev\/wp-content\/uploads\/2026\/03\/camping-val-vert-en-berry.jpg\" alt=\"camping val vert en berry\" style=\"border-style:none;border-width:0px;border-top-left-radius:10px;border-top-right-radius:10px;border-bottom-left-radius:10px;border-bottom-right-radius:10px\"\/><\/figure>\n\n<p class=\"has-text-align-center has-custom-color-1-color has-text-color has-link-color has-unbounded-font-family wp-elements-6527d65a79d544105f2c7aa114e49b0c\" style=\"font-size:clamp(1.25rem, 1.25rem + ((1vw - 0.2rem) * 1.25), 2rem);line-height:1.1\">Mietwohnungen<\/p>\n<\/a>\n<\/li><li data-wp-key=\"post-template-item-7292\" class=\"wp-block-post post-7292 page type-page status-publish has-post-thumbnail hentry\">\n<a href=\"https:\/\/valvert.geek-tonic.dev\/de\/familiencampingplatz-la-chatre\/\"    class=\"wp-block-tiptip-hyperlink-group-block\" >\n<figure class=\"wp-block-image size-full is-resized\"><img loading=\"lazy\" decoding=\"async\" width=\"367\" height=\"318\" src=\"https:\/\/valvert.geek-tonic.dev\/wp-content\/uploads\/2025\/12\/grosse-fleur-jaune.svg\" alt=\"gro&#xDF;e gelbe Blume\" class=\"wp-image-143\" style=\"object-fit:contain;width:50px;height:50px\"\/><\/figure>\n\n<figure class=\"wp-block-image has-custom-border gt-maillage__image\"><img decoding=\"async\" src=\"https:\/\/valvert.geek-tonic.dev\/wp-content\/uploads\/2026\/03\/camping-avec-services-en-berry.jpg\" alt=\"campingplatz mit dienstleistungen in berry\" style=\"border-style:none;border-width:0px;border-top-left-radius:10px;border-top-right-radius:10px;border-bottom-left-radius:10px;border-bottom-right-radius:10px\"\/><\/figure>\n\n<p class=\"has-text-align-center has-custom-color-1-color has-text-color has-link-color has-unbounded-font-family wp-elements-6527d65a79d544105f2c7aa114e49b0c\" style=\"font-size:clamp(1.25rem, 1.25rem + ((1vw - 0.2rem) * 1.25), 2rem);line-height:1.1\">Services und Aktivit\u00e4ten<\/p>\n<\/a>\n<\/li><\/ul><\/div>\n<\/div>\n","protected":false},"excerpt":{"rendered":"<p>Campingplatz mit beheiztem Schwimmbad in der Indre Ihr Moment der Entspannung erfrischend Erfrischung in unserem Schwimmbad Das beheizte Schwimmbad auf dem Campingplatz Val Vert en Berry, in der N\u00e4he von Ch\u00e2teauroux, bietet Ihnen das perfekte Gleichgewicht zwischen Frische und W\u00e4rme. Sie k\u00f6nnen in unserem 12 x 5 Meter gro\u00dfen Becken planschen oder Ihre Bahnen ziehen. [&hellip;]<\/p>\n","protected":false},"author":1,"featured_media":7221,"parent":0,"menu_order":0,"comment_status":"closed","ping_status":"closed","template":"","meta":{"_seopress_robots_primary_cat":"","_seopress_titles_title":"Campingplatz mit beheiztem Schwimmbad in der N\u00e4he von Ch\u00e2teauroux im Departement Indre","_seopress_titles_desc":"Auf dem Campingplatz Val Vert mit beheiztem Schwimmbad in der N\u00e4he von Ch\u00e2teauroux ist Entspannung garantiert: Tauchen Sie ein, plantschen Sie oder entspannen Sie sich unter der Sonne Berrichons.","_seopress_robots_index":"","inline_featured_image":false,"gt_fse_maillage_image":"https:\/\/valvert.geek-tonic.dev\/wp-content\/uploads\/2026\/03\/camping-avec-piscine-dans-lindre-pres-de-chateauroux.jpg","gt_fse_maillage_titre":"Das Schwimmbad","gt_fse_maillage_alt":"Das Schwimmbad","gt_fse_maillage_resume":"","footnotes":""},"categories":[],"tags":[],"class_list":["post-7219","page","type-page","status-publish","has-post-thumbnail","hentry"],"publishpress_future_action":{"enabled":false,"date":"2026-04-24 12:14:32","action":"change-status","newStatus":"draft","terms":[],"taxonomy":"category","extraData":[]},"publishpress_future_workflow_manual_trigger":{"enabledWorkflows":[]},"_links":{"self":[{"href":"https:\/\/valvert.geek-tonic.dev\/de\/wp-json\/wp\/v2\/pages\/7219","targetHints":{"allow":["GET"]}}],"collection":[{"href":"https:\/\/valvert.geek-tonic.dev\/de\/wp-json\/wp\/v2\/pages"}],"about":[{"href":"https:\/\/valvert.geek-tonic.dev\/de\/wp-json\/wp\/v2\/types\/page"}],"author":[{"embeddable":true,"href":"https:\/\/valvert.geek-tonic.dev\/de\/wp-json\/wp\/v2\/users\/1"}],"replies":[{"embeddable":true,"href":"https:\/\/valvert.geek-tonic.dev\/de\/wp-json\/wp\/v2\/comments?post=7219"}],"version-history":[{"count":3,"href":"https:\/\/valvert.geek-tonic.dev\/de\/wp-json\/wp\/v2\/pages\/7219\/revisions"}],"predecessor-version":[{"id":7546,"href":"https:\/\/valvert.geek-tonic.dev\/de\/wp-json\/wp\/v2\/pages\/7219\/revisions\/7546"}],"wp:featuredmedia":[{"embeddable":true,"href":"https:\/\/valvert.geek-tonic.dev\/de\/wp-json\/wp\/v2\/media\/7221"}],"wp:attachment":[{"href":"https:\/\/valvert.geek-tonic.dev\/de\/wp-json\/wp\/v2\/media?parent=7219"}],"wp:term":[{"taxonomy":"category","embeddable":true,"href":"https:\/\/valvert.geek-tonic.dev\/de\/wp-json\/wp\/v2\/categories?post=7219"},{"taxonomy":"post_tag","embeddable":true,"href":"https:\/\/valvert.geek-tonic.dev\/de\/wp-json\/wp\/v2\/tags?post=7219"}],"curies":[{"name":"wp","href":"https:\/\/api.w.org\/{rel}","templated":true}]}}